{"id":9,"date":"2020-08-31T21:05:08","date_gmt":"2020-08-31T19:05:08","guid":{"rendered":"http:\/\/andrewallesch.de\/?page_id=9"},"modified":"2021-11-26T11:45:42","modified_gmt":"2021-11-26T10:45:42","slug":"ueber-uns","status":"publish","type":"page","link":"http:\/\/andrewallesch.de\/?page_id=9","title":{"rendered":"\u00dcber mich"},"content":{"rendered":"\n<p>Seit 15 Jahren erfahren in Broadcast, Postproduktion und an der Kamera. Ausbildung zum Mediengestalter Bild und Ton,<\/p>\n\n\n\n<p>Hierbei Schwerpunktm\u00e4\u00dfig an der Studiokamera und der Grafikworkstation im Einsatz.<\/p>\n\n\n\n<p>5 Jahre als technischer Leiter und Ausbilder bei afk tv (heute Mediaschool Bayern).<\/p>\n\n\n\n<p>Erfahrung im Kameraverleih und als Vertriebsmitarbeiter bei Videocation\/teltec.<\/p>\n\n\n\n<p>Unter anderem t\u00e4tig f\u00fcr: Bayerischer Rundfunk, Stiftung T\u00dcV S\u00dcD, sky sports news HD, Tele5, Enrico Pallazzo, defacto motion, Jahns Medien, Video M\u00fcnchen<\/p>\n","protected":false},"excerpt":{"rendered":"<p>Seit 15 Jahren erfahren in Broadcast, Postproduktion und an der Kamera. Ausbildung zum Mediengestalter Bild und Ton, Hierbei Schwerpunktm\u00e4\u00dfig an der Studiokamera und der Grafikworkstation im Einsatz. 5 Jahre als technischer Leiter und Ausbilder bei afk tv (heute Mediaschool Bayern). Erfahrung im Kameraverleih und als Vertriebsmitarbeiter bei Videocation\/teltec. Unter anderem t\u00e4tig f\u00fcr: Bayerischer Rundfunk, Stiftung &hellip; <\/p>\n<p class=\"link-more\"><a href=\"http:\/\/andrewallesch.de\/?page_id=9\" class=\"more-link\"><span class=\"screen-reader-text\">\u201e\u00dcber mich\u201c<\/span> weiterlesen<\/a><\/p>\n","protected":false},"author":1,"featured_media":0,"parent":0,"menu_order":0,"comment_status":"closed","ping_status":"closed","template":"","meta":[],"_links":{"self":[{"href":"http:\/\/andrewallesch.de\/index.php?rest_route=\/wp\/v2\/pages\/9"}],"collection":[{"href":"http:\/\/andrewallesch.de\/index.php?rest_route=\/wp\/v2\/pages"}],"about":[{"href":"http:\/\/andrewallesch.de\/index.php?rest_route=\/wp\/v2\/types\/page"}],"author":[{"embeddable":true,"href":"http:\/\/andrewallesch.de\/index.php?rest_route=\/wp\/v2\/users\/1"}],"replies":[{"embeddable":true,"href":"http:\/\/andrewallesch.de\/index.php?rest_route=%2Fwp%2Fv2%2Fcomments&post=9"}],"version-history":[{"count":3,"href":"http:\/\/andrewallesch.de\/index.php?rest_route=\/wp\/v2\/pages\/9\/revisions"}],"predecessor-version":[{"id":64,"href":"http:\/\/andrewallesch.de\/index.php?rest_route=\/wp\/v2\/pages\/9\/revisions\/64"}],"wp:attachment":[{"href":"http:\/\/andrewallesch.de\/index.php?rest_route=%2Fwp%2Fv2%2Fmedia&parent=9"}],"curies":[{"name":"wp","href":"https:\/\/api.w.org\/{rel}","templated":true}]}}